{"id":64,"date":"2011-09-27T23:15:34","date_gmt":"2011-09-27T23:15:34","guid":{"rendered":"http:\/\/organicthemes.com\/demo\/natural\/?page_id=64"},"modified":"2026-02-19T09:26:00","modified_gmt":"2026-02-19T14:26:00","slug":"contacto","status":"publish","type":"page","link":"https:\/\/feurpro.com\/es\/contact\/","title":{"rendered":"Contacto"},"content":{"rendered":"<div class=\"wp-block-uagb-slider slider-container uagb-block-8248ce71 uagb-slider-container\"><div class=\"uagb-slides uagb-swiper\"><div class=\"swiper-wrapper\">\n<div class=\"wp-block-uagb-slider-child uagb-slider-child-wrap swiper-slide uagb-block-8c080231\"><div class=\"swiper-content\">\n<div class=\"wp-block-uagb-container uagb-block-f3eb5378 alignfull uagb-is-root-container\"><div class=\"uagb-container-inner-blocks-wrap\"><\/div><\/div>\n<\/div><\/div>\n<\/div><\/div><div class=\"swiper-pagination\"><\/div><div class=\"swiper-button-prev\"><\/div><div class=\"swiper-button-next\"><\/div><\/div>\n\n\n\n<div class=\"wp-block-columns is-layout-flex wp-container-core-columns-is-layout-3c65febf wp-block-columns-is-layout-flex\">\n<div class=\"wp-block-column is-layout-flow wp-block-column-is-layout-flow\">\n<h2 class=\"wp-block-heading has-text-color has-link-color wp-elements-4129bdb464521ab07a0fb0a7bde9307c\" style=\"color:#ffffff;padding-bottom:var(--wp--preset--spacing--50);font-style:normal;font-weight:600\">CONT\u00c1CTANOS<\/h2>\n\n\n\n<p class=\"p-0 wp-block-paragraph\" style=\"padding-right:8rem\">Estamos para apoyar sus proyectos de sonido en cada etapa. Ya sea que necesite asistencia t\u00e9cnica, informaci\u00f3n de productos, detalles de distribuci\u00f3n o soluciones de audio personalizadas, nuestro equipo est\u00e1 listo para ayudar. En Feur Pro, trabajamos en estrecha colaboraci\u00f3n con integradores, empresas de alquiler, locales y profesionales del audio para ofrecer tecnolog\u00eda confiable y orientaci\u00f3n experta en la que puede confiar.<br><br>Complete el siguiente formulario o cont\u00e1ctenos directamente: le responderemos lo antes posible.<\/p>\n<\/div>\n\n\n\n<div class=\"wp-block-column is-layout-flow wp-block-column-is-layout-flow\">\n<figure class=\"wp-block-image size-full\"><img data-recalc-dims=\"1\" loading=\"lazy\" decoding=\"async\" width=\"692\" height=\"360\" data-attachment-id=\"11924\" data-permalink=\"https:\/\/feurpro.com\/es\/contact\/whatsapp-image-2026-01-14-at-13-33-35\/\" data-orig-file=\"https:\/\/i0.wp.com\/feurpro.com\/wp-content\/uploads\/2026\/01\/WhatsApp-Image-2026-01-14-at-13.33.35.jpeg?fit=692%2C360&amp;ssl=1\" data-orig-size=\"692,360\" data-comments-opened=\"1\" data-image-meta=\"{&quot;aperture&quot;:&quot;0&quot;,&quot;credit&quot;:&quot;&quot;,&quot;camera&quot;:&quot;&quot;,&quot;caption&quot;:&quot;&quot;,&quot;created_timestamp&quot;:&quot;0&quot;,&quot;copyright&quot;:&quot;&quot;,&quot;focal_length&quot;:&quot;0&quot;,&quot;iso&quot;:&quot;0&quot;,&quot;shutter_speed&quot;:&quot;0&quot;,&quot;title&quot;:&quot;&quot;,&quot;orientation&quot;:&quot;0&quot;}\" data-image-title=\"WhatsApp Image 2026-01-14 at 13.33.35\" data-image-description=\"\" data-image-caption=\"\" data-large-file=\"https:\/\/i0.wp.com\/feurpro.com\/wp-content\/uploads\/2026\/01\/WhatsApp-Image-2026-01-14-at-13.33.35.jpeg?fit=692%2C360&amp;ssl=1\" src=\"https:\/\/i0.wp.com\/feurpro.com\/wp-content\/uploads\/2026\/01\/WhatsApp-Image-2026-01-14-at-13.33.35.jpeg?resize=692%2C360&#038;ssl=1\" alt=\"\" class=\"wp-image-11924\" srcset=\"https:\/\/i0.wp.com\/feurpro.com\/wp-content\/uploads\/2026\/01\/WhatsApp-Image-2026-01-14-at-13.33.35.jpeg?w=692&amp;ssl=1 692w, https:\/\/i0.wp.com\/feurpro.com\/wp-content\/uploads\/2026\/01\/WhatsApp-Image-2026-01-14-at-13.33.35.jpeg?resize=300%2C156&amp;ssl=1 300w\" sizes=\"auto, (max-width: 692px) 100vw, 692px\" \/><\/figure>\n<\/div>\n<\/div>\n\n\n\n<div class=\"wp-block-columns is-layout-flex wp-container-core-columns-is-layout-80995cc9 wp-block-columns-is-layout-flex\" style=\"padding-top:var(--wp--preset--spacing--70);padding-bottom:var(--wp--preset--spacing--70)\">\n<div class=\"wp-block-column is-layout-flow wp-block-column-is-layout-flow\">\n<h4 class=\"wp-block-heading has-text-align-center has-text-color has-link-color wp-elements-e8ee52acb6976e1aa4100f3e05bd94e5\" style=\"color:#ffffff\">Creemos experiencias de sonido potentes juntos.<\/h4>\n<\/div>\n<\/div>\n\n\n<div class=\"wp-block-jetpack-contact-form wp-elements-05d9ba907a5733edd38bf5d9d7d4ce3b\"><a href=\"https:\/\/feurpro.com\/es\/contact\/\" target=\"_blank\" rel=\"noopener noreferrer\">Env\u00eda un formulario.<\/a><\/div>","protected":false},"excerpt":{"rendered":"<p>CONTACT US We are to support your sound projects at every stage. Whether you need technical assistance, product information, distribution details, or customized audio solutions, our team is ready to help. At Feur Pro, we work closely with integrators, rental companies, venues, and audio professionals to deliver reliable technology and expert guidance you can trust. [&hellip;]<\/p>\n","protected":false},"author":254008827,"featured_media":3012,"parent":0,"menu_order":0,"comment_status":"open","ping_status":"open","template":"","meta":{"_crdt_document":"","_uag_custom_page_level_css":"","footnotes":""},"class_list":["post-64","page","type-page","status-publish","has-post-thumbnail","hentry"],"uagb_featured_image_src":{"full":["https:\/\/i0.wp.com\/feurpro.com\/wp-content\/uploads\/2024\/08\/banner_contact_1024x224_v1.png?fit=1024%2C224&ssl=1",1024,224,false],"thumbnail":["https:\/\/i0.wp.com\/feurpro.com\/wp-content\/uploads\/2024\/08\/banner_contact_1024x224_v1.png?resize=600%2C224&ssl=1",600,224,true],"medium":["https:\/\/i0.wp.com\/feurpro.com\/wp-content\/uploads\/2024\/08\/banner_contact_1024x224_v1.png?fit=300%2C66&ssl=1",300,66,true],"medium_large":["https:\/\/i0.wp.com\/feurpro.com\/wp-content\/uploads\/2024\/08\/banner_contact_1024x224_v1.png?fit=768%2C168&ssl=1",768,168,true],"large":["https:\/\/i0.wp.com\/feurpro.com\/wp-content\/uploads\/2024\/08\/banner_contact_1024x224_v1.png?fit=1024%2C224&ssl=1",1024,224,true],"1536x1536":["https:\/\/i0.wp.com\/feurpro.com\/wp-content\/uploads\/2024\/08\/banner_contact_1024x224_v1.png?fit=1024%2C224&ssl=1",1024,224,true],"2048x2048":["https:\/\/i0.wp.com\/feurpro.com\/wp-content\/uploads\/2024\/08\/banner_contact_1024x224_v1.png?fit=1024%2C224&ssl=1",1024,224,true],"trp-custom-language-flag":["https:\/\/i0.wp.com\/feurpro.com\/wp-content\/uploads\/2024\/08\/banner_contact_1024x224_v1.png?fit=18%2C4&ssl=1",18,4,true],"newspack-article-block-landscape-large":["https:\/\/i0.wp.com\/feurpro.com\/wp-content\/uploads\/2024\/08\/banner_contact_1024x224_v1.png?resize=1024%2C224&ssl=1",1024,224,true],"newspack-article-block-portrait-large":["https:\/\/i0.wp.com\/feurpro.com\/wp-content\/uploads\/2024\/08\/banner_contact_1024x224_v1.png?resize=900%2C224&ssl=1",900,224,true],"newspack-article-block-square-large":["https:\/\/i0.wp.com\/feurpro.com\/wp-content\/uploads\/2024\/08\/banner_contact_1024x224_v1.png?resize=1024%2C224&ssl=1",1024,224,true],"newspack-article-block-landscape-medium":["https:\/\/i0.wp.com\/feurpro.com\/wp-content\/uploads\/2024\/08\/banner_contact_1024x224_v1.png?resize=800%2C224&ssl=1",800,224,true],"newspack-article-block-portrait-medium":["https:\/\/i0.wp.com\/feurpro.com\/wp-content\/uploads\/2024\/08\/banner_contact_1024x224_v1.png?resize=600%2C224&ssl=1",600,224,true],"newspack-article-block-square-medium":["https:\/\/i0.wp.com\/feurpro.com\/wp-content\/uploads\/2024\/08\/banner_contact_1024x224_v1.png?resize=800%2C224&ssl=1",800,224,true],"newspack-article-block-landscape-intermediate":["https:\/\/i0.wp.com\/feurpro.com\/wp-content\/uploads\/2024\/08\/banner_contact_1024x224_v1.png?resize=600%2C224&ssl=1",600,224,true],"newspack-article-block-portrait-intermediate":["https:\/\/i0.wp.com\/feurpro.com\/wp-content\/uploads\/2024\/08\/banner_contact_1024x224_v1.png?resize=450%2C224&ssl=1",450,224,true],"newspack-article-block-square-intermediate":["https:\/\/i0.wp.com\/feurpro.com\/wp-content\/uploads\/2024\/08\/banner_contact_1024x224_v1.png?resize=600%2C224&ssl=1",600,224,true],"newspack-article-block-landscape-small":["https:\/\/i0.wp.com\/feurpro.com\/wp-content\/uploads\/2024\/08\/banner_contact_1024x224_v1.png?resize=400%2C224&ssl=1",400,224,true],"newspack-article-block-portrait-small":["https:\/\/i0.wp.com\/feurpro.com\/wp-content\/uploads\/2024\/08\/banner_contact_1024x224_v1.png?resize=300%2C224&ssl=1",300,224,true],"newspack-article-block-square-small":["https:\/\/i0.wp.com\/feurpro.com\/wp-content\/uploads\/2024\/08\/banner_contact_1024x224_v1.png?resize=400%2C224&ssl=1",400,224,true],"newspack-article-block-landscape-tiny":["https:\/\/i0.wp.com\/feurpro.com\/wp-content\/uploads\/2024\/08\/banner_contact_1024x224_v1.png?resize=200%2C150&ssl=1",200,150,true],"newspack-article-block-portrait-tiny":["https:\/\/i0.wp.com\/feurpro.com\/wp-content\/uploads\/2024\/08\/banner_contact_1024x224_v1.png?resize=150%2C200&ssl=1",150,200,true],"newspack-article-block-square-tiny":["https:\/\/i0.wp.com\/feurpro.com\/wp-content\/uploads\/2024\/08\/banner_contact_1024x224_v1.png?resize=200%2C200&ssl=1",200,200,true],"newspack-article-block-uncropped":["https:\/\/i0.wp.com\/feurpro.com\/wp-content\/uploads\/2024\/08\/banner_contact_1024x224_v1.png?fit=1024%2C224&ssl=1",1024,224,true],"post-thumbnail":["https:\/\/i0.wp.com\/feurpro.com\/wp-content\/uploads\/2024\/08\/banner_contact_1024x224_v1.png?fit=1024%2C224&ssl=1",1024,224,true],"woocommerce_thumbnail":["https:\/\/i0.wp.com\/feurpro.com\/wp-content\/uploads\/2024\/08\/banner_contact_1024x224_v1.png?resize=520%2C224&ssl=1",520,224,true],"woocommerce_single":["https:\/\/i0.wp.com\/feurpro.com\/wp-content\/uploads\/2024\/08\/banner_contact_1024x224_v1.png?fit=980%2C214&ssl=1",980,214,true],"woocommerce_gallery_thumbnail":["https:\/\/i0.wp.com\/feurpro.com\/wp-content\/uploads\/2024\/08\/banner_contact_1024x224_v1.png?resize=240%2C224&ssl=1",240,224,true]},"uagb_author_info":{"display_name":"Admin","author_link":"https:\/\/feurpro.com\/es\/author\/feurproadm\/"},"uagb_comment_info":0,"uagb_excerpt":"CONTACT US We are to support your sound projects at every stage. Whether you need technical assistance, product information, distribution details, or customized audio solutions, our team is ready to help. At Feur Pro, we work closely with integrators, rental companies, venues, and audio professionals to deliver reliable technology and expert guidance you can trust.&hellip;","jetpack_likes_enabled":false,"jetpack_sharing_enabled":true,"jetpack_shortlink":"https:\/\/wp.me\/PfX8uF-12","jetpack-related-posts":[{"id":6110,"url":"https:\/\/feurpro.com\/es\/contact-2\/","url_meta":{"origin":64,"position":0},"title":"Contacto","author":"alioth","date":"abril 1, 2025","format":false,"excerpt":"Contact us Lorem ipsum dolor sit amet, consectetur adipiscing elit, sed do eiusmod tempor incididunt ut labore et dolore magna aliqua. Ut enim ad minim veniam, quis nostrud exercitation ullamco laboris nisi Email Address contactfeurpro@gmail.com Phone Number (305).594.7855\u00a0 Whatsapp (305).594.7855\u00a0 Our Office 1598 NW 108th Ave, Miami, FL 33172","rel":"","context":"Entrada similar ","block_context":{"text":"Entrada similar ","link":""},"img":{"alt_text":"","src":"https:\/\/i0.wp.com\/feurpro.com\/wp-content\/uploads\/2025\/04\/contact.jpeg?fit=1200%2C1200&ssl=1&resize=350%2C200","width":350,"height":200,"srcset":"https:\/\/i0.wp.com\/feurpro.com\/wp-content\/uploads\/2025\/04\/contact.jpeg?fit=1200%2C1200&ssl=1&resize=350%2C200 1x, https:\/\/i0.wp.com\/feurpro.com\/wp-content\/uploads\/2025\/04\/contact.jpeg?fit=1200%2C1200&ssl=1&resize=525%2C300 1.5x, https:\/\/i0.wp.com\/feurpro.com\/wp-content\/uploads\/2025\/04\/contact.jpeg?fit=1200%2C1200&ssl=1&resize=700%2C400 2x, https:\/\/i0.wp.com\/feurpro.com\/wp-content\/uploads\/2025\/04\/contact.jpeg?fit=1200%2C1200&ssl=1&resize=1050%2C600 3x"},"classes":[]},{"id":14220,"url":"https:\/\/feurpro.com\/es\/professional-microphone-cable-trs-to-xlr-feur-tour-pro\/","url_meta":{"origin":64,"position":1},"title":"Professional Microphone Cable TRS to XLR FEUR Tour Pro for Pure Signal and Noise-Free Performance","author":"alioth","date":"marzo 30, 2026","format":false,"excerpt":"Professional Microphone Cable FEUR Tour Pro Pure Signal. Zero Compromise. Professional Microphone Cable Engineered for Pure Signal, Low Noise and Tour-Ready Performance In professional audio, the weakest point is rarely the loudspeaker\u2026 or the microphone. It is the cable. A fragile link in an otherwise powerful system can quietly degrade\u2026","rel":"","context":"Entrada similar ","block_context":{"text":"Entrada similar ","link":""},"img":{"alt_text":"Professional Microphone Cable","src":"https:\/\/i0.wp.com\/feurpro.com\/wp-content\/uploads\/2026\/03\/FU-TPSL17-20FT-1-2.webp?resize=350%2C200","width":350,"height":200,"srcset":"https:\/\/i0.wp.com\/feurpro.com\/wp-content\/uploads\/2026\/03\/FU-TPSL17-20FT-1-2.webp?resize=350%2C200 1x, https:\/\/i0.wp.com\/feurpro.com\/wp-content\/uploads\/2026\/03\/FU-TPSL17-20FT-1-2.webp?resize=525%2C300 1.5x, https:\/\/i0.wp.com\/feurpro.com\/wp-content\/uploads\/2026\/03\/FU-TPSL17-20FT-1-2.webp?resize=700%2C400 2x"},"classes":[]},{"id":14284,"url":"https:\/\/feurpro.com\/es\/feur-microphone-cable-fu-tpsl26\/","url_meta":{"origin":64,"position":2},"title":"Microphone Cable FEUR FU-TPSL26 Tour Pro TS","author":"alioth","date":"abril 1, 2026","format":false,"excerpt":"Microphone Cable FEUR FU-TPSL26 \u2013 Tour-Grade Clarity & Strength Engineered to preserve every detail of your sound under the most demanding conditions A microphone cable is not just a connector\u2014it is the final gatekeeper of your sound. The FEUR Microphone Cable FU-TPSL26 is engineered as a Tour Pro solution for\u2026","rel":"","context":"Entrada similar ","block_context":{"text":"Entrada similar ","link":""},"img":{"alt_text":"microphone cable","src":"https:\/\/i0.wp.com\/feurpro.com\/wp-content\/uploads\/2025\/11\/FU-TPSL26-20FT-2.jpg?resize=350%2C200","width":350,"height":200,"srcset":"https:\/\/i0.wp.com\/feurpro.com\/wp-content\/uploads\/2025\/11\/FU-TPSL26-20FT-2.jpg?resize=350%2C200 1x, https:\/\/i0.wp.com\/feurpro.com\/wp-content\/uploads\/2025\/11\/FU-TPSL26-20FT-2.jpg?resize=525%2C300 1.5x, https:\/\/i0.wp.com\/feurpro.com\/wp-content\/uploads\/2025\/11\/FU-TPSL26-20FT-2.jpg?resize=700%2C400 2x, https:\/\/i0.wp.com\/feurpro.com\/wp-content\/uploads\/2025\/11\/FU-TPSL26-20FT-2.jpg?resize=1050%2C600 3x, https:\/\/i0.wp.com\/feurpro.com\/wp-content\/uploads\/2025\/11\/FU-TPSL26-20FT-2.jpg?resize=1400%2C800 4x"},"classes":[]},{"id":13409,"url":"https:\/\/feurpro.com\/es\/universal-microphone-shock-mount-fu-st5\/","url_meta":{"origin":64,"position":3},"title":"Reliable Universal Microphone Shock Mount FU-ST5 \u2013 Professional Condenser Mic Isolation","author":"alioth","date":"marzo 8, 2026","format":false,"excerpt":"Universal Microphone Shock Mount FU-ST5 Professional Vibration Isolation for Studio Microphones. Reliable Microphone Isolation for Recording and Broadcasting In professional recording environments, unwanted vibrations and handling noise can easily affect microphone performance. The Universal Microphone Shock Mount FU-ST5 is designed to isolate your microphone from mechanical vibrations, helping maintain clean\u2026","rel":"","context":"Entrada similar ","block_context":{"text":"Entrada similar ","link":""},"img":{"alt_text":"Universal Microphone Shock Mount","src":"https:\/\/i0.wp.com\/feurpro.com\/wp-content\/uploads\/2026\/03\/FU-ST5-1.webp?resize=350%2C200","width":350,"height":200,"srcset":"https:\/\/i0.wp.com\/feurpro.com\/wp-content\/uploads\/2026\/03\/FU-ST5-1.webp?resize=350%2C200 1x, https:\/\/i0.wp.com\/feurpro.com\/wp-content\/uploads\/2026\/03\/FU-ST5-1.webp?resize=525%2C300 1.5x, https:\/\/i0.wp.com\/feurpro.com\/wp-content\/uploads\/2026\/03\/FU-ST5-1.webp?resize=700%2C400 2x"},"classes":[]},{"id":13835,"url":"https:\/\/feurpro.com\/es\/compact-active-loudspeaker-8-inch-fu-pro860\/","url_meta":{"origin":64,"position":4},"title":"Powerful Compact Active Loudspeaker 8 Inch FU-PRO860 \u2013 Dynamic Sound Performance","author":"alioth","date":"marzo 28, 2026","format":false,"excerpt":"Compact Active Loudspeaker 8 Inch FU-PRO860 Powerful Sound in a Compact Professional Design Powerful Compact Active Loudspeaker 8 Inch for Clear, Dynamic and Reliable Sound Some speakers simply make noise\u2026 others transform spaces.The Compact Active Loudspeaker 8 Inch FU-PRO860 belongs to the latter. Compact in size yet remarkably powerful, this\u2026","rel":"","context":"Entrada similar ","block_context":{"text":"Entrada similar ","link":""},"img":{"alt_text":"Compact Active Loudspeaker 8 Inch","src":"https:\/\/i0.wp.com\/feurpro.com\/wp-content\/uploads\/2026\/03\/FU-PRO860-3-1.webp?resize=350%2C200","width":350,"height":200,"srcset":"https:\/\/i0.wp.com\/feurpro.com\/wp-content\/uploads\/2026\/03\/FU-PRO860-3-1.webp?resize=350%2C200 1x, https:\/\/i0.wp.com\/feurpro.com\/wp-content\/uploads\/2026\/03\/FU-PRO860-3-1.webp?resize=525%2C300 1.5x, https:\/\/i0.wp.com\/feurpro.com\/wp-content\/uploads\/2026\/03\/FU-PRO860-3-1.webp?resize=700%2C400 2x"},"classes":[]},{"id":13871,"url":"https:\/\/feurpro.com\/es\/active-2-way-monitor-speaker-12-inch-fu-pro129\/","url_meta":{"origin":64,"position":5},"title":"Potente altavoz de monitor activo de 2 v\u00edas de 12 pulgadas FU-PRO1290 para un sonido n\u00edtido y port\u00e1til","author":"alioth","date":"marzo 28, 2026","format":false,"excerpt":"12 Inch Active 2-Way Monitor Speaker FU-PRO1290 Powerful, Portable, and Built for Professional Sound Powerful 12 Inch Active 2-Way Monitor Speaker for Clear, Portable and Professional Sound Sound is not just heard \u2014 it is felt.The 12 Inch Active 2-Way Monitor Speaker FU-PRO1290 is designed to deliver that impact with\u2026","rel":"","context":"Entrada similar ","block_context":{"text":"Entrada similar ","link":""},"img":{"alt_text":"12 Inch Active 2-Way Monitor Speaker","src":"https:\/\/i0.wp.com\/feurpro.com\/wp-content\/uploads\/2026\/03\/FU-PRO1290-2.webp?resize=350%2C200","width":350,"height":200,"srcset":"https:\/\/i0.wp.com\/feurpro.com\/wp-content\/uploads\/2026\/03\/FU-PRO1290-2.webp?resize=350%2C200 1x, https:\/\/i0.wp.com\/feurpro.com\/wp-content\/uploads\/2026\/03\/FU-PRO1290-2.webp?resize=525%2C300 1.5x, https:\/\/i0.wp.com\/feurpro.com\/wp-content\/uploads\/2026\/03\/FU-PRO1290-2.webp?resize=700%2C400 2x"},"classes":[]}],"_links":{"self":[{"href":"https:\/\/feurpro.com\/es\/wp-json\/wp\/v2\/pages\/64","targetHints":{"allow":["GET"]}}],"collection":[{"href":"https:\/\/feurpro.com\/es\/wp-json\/wp\/v2\/pages"}],"about":[{"href":"https:\/\/feurpro.com\/es\/wp-json\/wp\/v2\/types\/page"}],"author":[{"embeddable":true,"href":"https:\/\/feurpro.com\/es\/wp-json\/wp\/v2\/users\/254008827"}],"replies":[{"embeddable":true,"href":"https:\/\/feurpro.com\/es\/wp-json\/wp\/v2\/comments?post=64"}],"version-history":[{"count":19,"href":"https:\/\/feurpro.com\/es\/wp-json\/wp\/v2\/pages\/64\/revisions"}],"predecessor-version":[{"id":13029,"href":"https:\/\/feurpro.com\/es\/wp-json\/wp\/v2\/pages\/64\/revisions\/13029"}],"wp:featuredmedia":[{"embeddable":true,"href":"https:\/\/feurpro.com\/es\/wp-json\/wp\/v2\/media\/3012"}],"wp:attachment":[{"href":"https:\/\/feurpro.com\/es\/wp-json\/wp\/v2\/media?parent=64"}],"curies":[{"name":"wp","href":"https:\/\/api.w.org\/{rel}","templated":true}]}}