{"id":130,"date":"2013-09-18T03:16:16","date_gmt":"2013-09-18T03:16:16","guid":{"rendered":"http:\/\/organicthemes.com\/demo\/natural\/?page_id=130"},"modified":"2025-02-22T16:59:40","modified_gmt":"2025-02-22T21:59:40","slug":"historia-2","status":"publish","type":"page","link":"https:\/\/feurpro.com\/es\/history\/","title":{"rendered":"Historia"},"content":{"rendered":"<p class=\"has-light-gray-color has-text-color has-link-color wp-elements-799b7bbd81bd65445015e343dd5e33e8 wp-block-paragraph\"><strong><strong>FeurPro: Un legado forjado en fuego<\/strong><\/strong><\/p>\n\n\n\n<p class=\"has-light-gray-color has-text-color has-link-color wp-elements-c0442a887fa6d9ed4a8635ae8a839344 wp-block-paragraph\">FEUR, derivado de la palabra alemana \u201cFeuer\u201d que significa fuego, fue la inspiraci\u00f3n detr\u00e1s de la marca. Fue el fuego el que impuls\u00f3 a los ingenieros alemanes a construir una marca que compitiera con los nombres m\u00e1s importantes de la industria, sin dejar de lado al artista en dificultades. En 2010, la marca lleg\u00f3 a los EE. UU., marcando el inicio de su alcance global. Hoy, FEUR Pro se encuentra en muchas partes del mundo y contin\u00faa fortaleciendo su posici\u00f3n en el mercado.<\/p>\n\n\n\n<p class=\"has-light-gray-color has-text-color has-link-color wp-elements-cc3aad1b147b8e81e50e052b5d92514b wp-block-paragraph\"><strong><strong><strong>El Nacimiento de FEUR Pro<\/strong><\/strong><\/strong><\/p>\n\n\n\n<p class=\"has-light-gray-color has-text-color has-link-color wp-elements-5d97d2a1f9809f3ed7cf830c425c121b wp-block-paragraph\">Fundada en Alemania, FEUR Pro surgi\u00f3 de una apasionada b\u00fasqueda de soluciones de audio profesional de alta calidad y asequibles. Un equipo de ingenieros y especialistas en sonido, impulsados por su amor por la m\u00fasica y la innovaci\u00f3n, se propuso crear productos que empoderaran a m\u00fasicos, DJs y profesionales del audio. Su objetivo era claro: ofrecer equipos de audio de primera calidad que brindaran un rendimiento superior sin el elevado precio.<\/p>\n\n\n\n<p class=\"has-light-gray-color has-text-color has-link-color wp-elements-404bcbf0bc04298c4892b0e027493817 wp-block-paragraph\">Desde el principio, FEUR Pro fue dise\u00f1ado para desafiar el status quo. Mientras muchos competidores se enfocaban \u00fanicamente en equipos de alta gama para estudio y escenario, FEUR Pro hizo que el sonido de calidad profesional fuera accesible para todos, desde artistas independientes hasta producciones a gran escala.<\/p>\n\n\n\n<p class=\"has-light-gray-color has-text-color has-link-color wp-elements-1a7fe5ba5b3e5a3fb93a0238d9a922a4 wp-block-paragraph\"><strong><strong><strong><strong>Expandi\u00e9ndose a EE. UU. y m\u00e1s all\u00e1<\/strong><\/strong><\/strong><\/strong><\/p>\n\n\n\n<p class=\"has-light-gray-color has-text-color has-link-color wp-elements-908b2e7c7aa0b6cf13a289939306d822 wp-block-paragraph\">En 2010, FEUR Pro dio un audaz paso al ingresar al mercado estadounidense. La transici\u00f3n fue m\u00e1s que un simple cambio geogr\u00e1fico, fue el comienzo de un nuevo cap\u00edtulo en la evoluci\u00f3n de la marca. Con esta mudanza, FEUR Pro expandi\u00f3 sus capacidades de I+D, integrando tecnolog\u00eda de vanguardia con su experiencia en ingenier\u00eda europea. La marca gan\u00f3 r\u00e1pidamente terreno entre m\u00fasicos, profesionales de eventos y minoristas que reconocieron la calidad y confiabilidad de los productos de FEUR Pro.<\/p>\n\n\n\n<p class=\"has-light-gray-color has-text-color has-link-color wp-elements-6ba37a453eebf648f29d7f9394b5f2d5 wp-block-paragraph\">A medida que la noticia se corr\u00eda, la demanda creci\u00f3 m\u00e1s all\u00e1 de los Estados Unidos. La dedicaci\u00f3n de FEUR Pro a ofrecer un sonido excepcional a precios competitivos reson\u00f3 en mercados de Am\u00e9rica Latina, Europa y Asia. Hoy en d\u00eda, los productos de FEUR Pro se distribuyen a nivel mundial, con presencia en tiendas de m\u00fasica, locales de eventos en vivo y configuraciones de audio profesional en todo el mundo.<\/p>\n\n\n\n<p class=\"has-light-gray-color has-text-color has-link-color wp-elements-e866a4642243b32614008015ee005f0a wp-block-paragraph\"><strong><strong><strong><strong><strong>Compromiso con la innovaci\u00f3n<\/strong><\/strong><\/strong><\/strong><\/strong><\/p>\n\n\n\n<p class=\"has-light-gray-color has-text-color has-link-color wp-elements-0e72330af4704cdf3d8f984ea14f2ccc wp-block-paragraph\">FEUR Pro nunca ha dejado de evolucionar. Desde sus altavoces port\u00e1tiles de primera generaci\u00f3n hasta su l\u00ednea m\u00e1s reciente de sistemas de PA de alto rendimiento y soluciones de audio inal\u00e1mbricas, la marca contin\u00faa superando los l\u00edmites. Al incorporar materiales avanzados, procesamiento digital de se\u00f1ales y una gesti\u00f3n eficiente de la energ\u00eda, FEUR Pro garantiza que cada producto cumpla con los m\u00e1s altos est\u00e1ndares de claridad, durabilidad y facilidad de uso.<\/p>\n\n\n\n<p class=\"has-light-gray-color has-text-color has-link-color wp-elements-24b896d40faace89ea76075f4a6e88f9 wp-block-paragraph\">M\u00e1s all\u00e1 del desarrollo de productos, FEUR Pro invierte en el futuro de la tecnolog\u00eda musical y sonora. La marca colabora con artistas, ingenieros y dise\u00f1adores de sonido para perfeccionar sus ofertas y garantizar que sus productos satisfagan las demandas del mundo real. Ya sea apoyando a m\u00fasicos emergentes o equipando grandes giras de conciertos, FEUR Pro se mantiene a la vanguardia de la industria.<\/p>\n\n\n\n<p class=\"has-light-gray-color has-text-color has-link-color wp-elements-62c6ae6969cbe26011512da2884ea5d4 wp-block-paragraph\"><strong><strong><strong><strong><strong><strong>Una comunidad global<\/strong><\/strong><\/strong><\/strong><\/strong><\/strong><\/p>\n\n\n\n<p class=\"has-light-gray-color has-text-color has-link-color wp-elements-bbce85fd1fd7e1848de436a6e049ac3c wp-block-paragraph\">En esencia, FEUR Pro es m\u00e1s que una marca de audio: es una comunidad global. Desde bandas locales en Colombia hasta organizadores de festivales en Jamaica, desde productores de estudios caseros en Nigeria hasta artistas de gira. FEUR Pro se erige como un socio de confianza en su viaje s\u00f3nico.<\/p>\n\n\n\n<p class=\"has-light-gray-color has-text-color has-link-color wp-elements-9b31f893dc5dfd253454df759d1c5c8f wp-block-paragraph\">Mirando hacia el futuro, FEUR Pro mantiene su compromiso de llevar soluciones de audio profesional a todos los rincones del mundo. El fuego que encendi\u00f3 su creaci\u00f3n contin\u00faa ardiendo, impulsando a la marca a innovar, expandirse y empoderar a la pr\u00f3xima generaci\u00f3n de creadores de sonido.<\/p>\n\n\n\n<p class=\"has-light-gray-color has-text-color has-link-color wp-elements-d9e5729133d3cc3af6004b02cab64bb6 wp-block-paragraph\"><strong><strong><strong><strong><strong><strong><strong>FEUR Pro: Forjado en el fuego. Dise\u00f1ado para el sonido. Creado para el mundo.<\/strong><\/strong><\/strong><\/strong><\/strong><\/strong><\/strong><\/p>","protected":false},"excerpt":{"rendered":"<p>Este es un ejemplo de extracto de p\u00e1gina. Se puede usar un extracto para proporcionar un resumen del contenido completo de la p\u00e1gina.<\/p>","protected":false},"author":254008827,"featured_media":2054,"parent":0,"menu_order":0,"comment_status":"open","ping_status":"closed","template":"template-blank","meta":{"_crdt_document":"","_uag_custom_page_level_css":"","footnotes":""},"class_list":["post-130","page","type-page","status-publish","has-post-thumbnail","hentry"],"uagb_featured_image_src":{"full":["https:\/\/i0.wp.com\/feurpro.com\/wp-content\/uploads\/2024\/08\/newsletter_1024x683_v1.jpg?fit=1024%2C683&ssl=1",1024,683,false],"thumbnail":["https:\/\/i0.wp.com\/feurpro.com\/wp-content\/uploads\/2024\/08\/newsletter_1024x683_v1.jpg?resize=150%2C150&ssl=1",150,150,true],"medium":["https:\/\/i0.wp.com\/feurpro.com\/wp-content\/uploads\/2024\/08\/newsletter_1024x683_v1.jpg?fit=300%2C200&ssl=1",300,200,true],"medium_large":["https:\/\/i0.wp.com\/feurpro.com\/wp-content\/uploads\/2024\/08\/newsletter_1024x683_v1.jpg?fit=768%2C512&ssl=1",768,512,true],"large":["https:\/\/i0.wp.com\/feurpro.com\/wp-content\/uploads\/2024\/08\/newsletter_1024x683_v1.jpg?fit=1024%2C683&ssl=1",1024,683,true],"1536x1536":["https:\/\/i0.wp.com\/feurpro.com\/wp-content\/uploads\/2024\/08\/newsletter_1024x683_v1.jpg?fit=1024%2C683&ssl=1",1024,683,true],"2048x2048":["https:\/\/i0.wp.com\/feurpro.com\/wp-content\/uploads\/2024\/08\/newsletter_1024x683_v1.jpg?fit=1024%2C683&ssl=1",1024,683,true],"trp-custom-language-flag":["https:\/\/i0.wp.com\/feurpro.com\/wp-content\/uploads\/2024\/08\/newsletter_1024x683_v1.jpg?fit=18%2C12&ssl=1",18,12,true],"newspack-article-block-landscape-large":["https:\/\/i0.wp.com\/feurpro.com\/wp-content\/uploads\/2024\/08\/newsletter_1024x683_v1.jpg?resize=1024%2C683&ssl=1",1024,683,true],"newspack-article-block-portrait-large":["https:\/\/i0.wp.com\/feurpro.com\/wp-content\/uploads\/2024\/08\/newsletter_1024x683_v1.jpg?resize=900%2C683&ssl=1",900,683,true],"newspack-article-block-square-large":["https:\/\/i0.wp.com\/feurpro.com\/wp-content\/uploads\/2024\/08\/newsletter_1024x683_v1.jpg?resize=1024%2C683&ssl=1",1024,683,true],"newspack-article-block-landscape-medium":["https:\/\/i0.wp.com\/feurpro.com\/wp-content\/uploads\/2024\/08\/newsletter_1024x683_v1.jpg?resize=800%2C600&ssl=1",800,600,true],"newspack-article-block-portrait-medium":["https:\/\/i0.wp.com\/feurpro.com\/wp-content\/uploads\/2024\/08\/newsletter_1024x683_v1.jpg?resize=600%2C683&ssl=1",600,683,true],"newspack-article-block-square-medium":["https:\/\/i0.wp.com\/feurpro.com\/wp-content\/uploads\/2024\/08\/newsletter_1024x683_v1.jpg?resize=800%2C683&ssl=1",800,683,true],"newspack-article-block-landscape-intermediate":["https:\/\/i0.wp.com\/feurpro.com\/wp-content\/uploads\/2024\/08\/newsletter_1024x683_v1.jpg?resize=600%2C450&ssl=1",600,450,true],"newspack-article-block-portrait-intermediate":["https:\/\/i0.wp.com\/feurpro.com\/wp-content\/uploads\/2024\/08\/newsletter_1024x683_v1.jpg?resize=450%2C600&ssl=1",450,600,true],"newspack-article-block-square-intermediate":["https:\/\/i0.wp.com\/feurpro.com\/wp-content\/uploads\/2024\/08\/newsletter_1024x683_v1.jpg?resize=600%2C600&ssl=1",600,600,true],"newspack-article-block-landscape-small":["https:\/\/i0.wp.com\/feurpro.com\/wp-content\/uploads\/2024\/08\/newsletter_1024x683_v1.jpg?resize=400%2C300&ssl=1",400,300,true],"newspack-article-block-portrait-small":["https:\/\/i0.wp.com\/feurpro.com\/wp-content\/uploads\/2024\/08\/newsletter_1024x683_v1.jpg?resize=300%2C400&ssl=1",300,400,true],"newspack-article-block-square-small":["https:\/\/i0.wp.com\/feurpro.com\/wp-content\/uploads\/2024\/08\/newsletter_1024x683_v1.jpg?resize=400%2C400&ssl=1",400,400,true],"newspack-article-block-landscape-tiny":["https:\/\/i0.wp.com\/feurpro.com\/wp-content\/uploads\/2024\/08\/newsletter_1024x683_v1.jpg?resize=200%2C150&ssl=1",200,150,true],"newspack-article-block-portrait-tiny":["https:\/\/i0.wp.com\/feurpro.com\/wp-content\/uploads\/2024\/08\/newsletter_1024x683_v1.jpg?resize=150%2C200&ssl=1",150,200,true],"newspack-article-block-square-tiny":["https:\/\/i0.wp.com\/feurpro.com\/wp-content\/uploads\/2024\/08\/newsletter_1024x683_v1.jpg?resize=200%2C200&ssl=1",200,200,true],"newspack-article-block-uncropped":["https:\/\/i0.wp.com\/feurpro.com\/wp-content\/uploads\/2024\/08\/newsletter_1024x683_v1.jpg?fit=1024%2C683&ssl=1",1024,683,true],"post-thumbnail":["https:\/\/i0.wp.com\/feurpro.com\/wp-content\/uploads\/2024\/08\/newsletter_1024x683_v1.jpg?fit=1024%2C683&ssl=1",1024,683,true],"woocommerce_thumbnail":["https:\/\/i0.wp.com\/feurpro.com\/wp-content\/uploads\/2024\/08\/newsletter_1024x683_v1.jpg?resize=520%2C520&ssl=1",520,520,true],"woocommerce_single":["https:\/\/i0.wp.com\/feurpro.com\/wp-content\/uploads\/2024\/08\/newsletter_1024x683_v1.jpg?fit=980%2C654&ssl=1",980,654,true],"woocommerce_gallery_thumbnail":["https:\/\/i0.wp.com\/feurpro.com\/wp-content\/uploads\/2024\/08\/newsletter_1024x683_v1.jpg?resize=240%2C240&ssl=1",240,240,true]},"uagb_author_info":{"display_name":"Admin","author_link":"https:\/\/feurpro.com\/es\/author\/feurproadm\/"},"uagb_comment_info":0,"uagb_excerpt":"This is an example page excerpt. An excerpt can be used to provide a summary of the full page content.","jetpack_likes_enabled":false,"jetpack_sharing_enabled":true,"jetpack_shortlink":"https:\/\/wp.me\/PfX8uF-26","jetpack-related-posts":[{"id":430,"url":"https:\/\/feurpro.com\/es\/services\/","url_meta":{"origin":130,"position":0},"title":"Servicios","author":"Admin","date":"abril 14, 2017","format":false,"excerpt":"Ofrecemos una variedad de servicios. Este es un extracto de ejemplo. Los extractos son res\u00famenes del contenido completo de la p\u00e1gina.","rel":"","context":"Entrada similar ","block_context":{"text":"Entrada similar ","link":""},"img":{"alt_text":"","src":"https:\/\/i0.wp.com\/feurpro.com\/wp-content\/uploads\/2024\/08\/banner_home_1024x265_3.jpg?fit=1200%2C311&ssl=1&resize=350%2C200","width":350,"height":200,"srcset":"https:\/\/i0.wp.com\/feurpro.com\/wp-content\/uploads\/2024\/08\/banner_home_1024x265_3.jpg?fit=1200%2C311&ssl=1&resize=350%2C200 1x, https:\/\/i0.wp.com\/feurpro.com\/wp-content\/uploads\/2024\/08\/banner_home_1024x265_3.jpg?fit=1200%2C311&ssl=1&resize=525%2C300 1.5x, https:\/\/i0.wp.com\/feurpro.com\/wp-content\/uploads\/2024\/08\/banner_home_1024x265_3.jpg?fit=1200%2C311&ssl=1&resize=700%2C400 2x, https:\/\/i0.wp.com\/feurpro.com\/wp-content\/uploads\/2024\/08\/banner_home_1024x265_3.jpg?fit=1200%2C311&ssl=1&resize=1050%2C600 3x"},"classes":[]},{"id":9030,"url":"https:\/\/feurpro.com\/es\/historia\/","url_meta":{"origin":130,"position":1},"title":"Historia","author":"alioth","date":"noviembre 12, 2025","format":false,"excerpt":"Este es un ejemplo de extracto de p\u00e1gina. Se puede usar un extracto para proporcionar un resumen del contenido completo de la p\u00e1gina.","rel":"","context":"Entrada similar ","block_context":{"text":"Entrada similar ","link":""},"img":{"alt_text":"","src":"https:\/\/i0.wp.com\/feurpro.com\/wp-content\/uploads\/2024\/08\/newsletter_1024x683_v1.jpg?fit=1024%2C683&ssl=1&resize=350%2C200","width":350,"height":200,"srcset":"https:\/\/i0.wp.com\/feurpro.com\/wp-content\/uploads\/2024\/08\/newsletter_1024x683_v1.jpg?fit=1024%2C683&ssl=1&resize=350%2C200 1x, https:\/\/i0.wp.com\/feurpro.com\/wp-content\/uploads\/2024\/08\/newsletter_1024x683_v1.jpg?fit=1024%2C683&ssl=1&resize=525%2C300 1.5x, https:\/\/i0.wp.com\/feurpro.com\/wp-content\/uploads\/2024\/08\/newsletter_1024x683_v1.jpg?fit=1024%2C683&ssl=1&resize=700%2C400 2x"},"classes":[]},{"id":9013,"url":"https:\/\/feurpro.com\/es\/servicios\/","url_meta":{"origin":130,"position":2},"title":"Servicios","author":"alioth","date":"noviembre 11, 2025","format":false,"excerpt":"Ofrecemos una variedad de servicios. Este es un extracto de ejemplo. Los extractos son res\u00famenes del contenido completo de la p\u00e1gina.","rel":"","context":"Entrada similar ","block_context":{"text":"Entrada similar ","link":""},"img":{"alt_text":"","src":"https:\/\/i0.wp.com\/feurpro.com\/wp-content\/uploads\/2024\/08\/banner_home_1024x265_3.jpg?fit=1200%2C311&ssl=1&resize=350%2C200","width":350,"height":200,"srcset":"https:\/\/i0.wp.com\/feurpro.com\/wp-content\/uploads\/2024\/08\/banner_home_1024x265_3.jpg?fit=1200%2C311&ssl=1&resize=350%2C200 1x, https:\/\/i0.wp.com\/feurpro.com\/wp-content\/uploads\/2024\/08\/banner_home_1024x265_3.jpg?fit=1200%2C311&ssl=1&resize=525%2C300 1.5x, https:\/\/i0.wp.com\/feurpro.com\/wp-content\/uploads\/2024\/08\/banner_home_1024x265_3.jpg?fit=1200%2C311&ssl=1&resize=700%2C400 2x, https:\/\/i0.wp.com\/feurpro.com\/wp-content\/uploads\/2024\/08\/banner_home_1024x265_3.jpg?fit=1200%2C311&ssl=1&resize=1050%2C600 3x"},"classes":[]},{"id":2503,"url":"https:\/\/feurpro.com\/es\/professional-active-pa-speaker-2x15-2000w\/","url_meta":{"origin":130,"position":3},"title":"FU-X215","author":"Admin","date":"agosto 14, 2024","format":false,"excerpt":"Este es un ejemplo de extracto de p\u00e1gina. Se puede usar un extracto para proporcionar un resumen del contenido completo de la p\u00e1gina.","rel":"","context":"Entrada similar ","block_context":{"text":"Entrada similar ","link":""},"img":{"alt_text":"","src":"https:\/\/i0.wp.com\/feurpro.com\/wp-content\/uploads\/2025\/12\/ChatGPT-Image-19-dic-2025-15_44_41.png?resize=350%2C200","width":350,"height":200,"srcset":"https:\/\/i0.wp.com\/feurpro.com\/wp-content\/uploads\/2025\/12\/ChatGPT-Image-19-dic-2025-15_44_41.png?resize=350%2C200 1x, https:\/\/i0.wp.com\/feurpro.com\/wp-content\/uploads\/2025\/12\/ChatGPT-Image-19-dic-2025-15_44_41.png?resize=525%2C300 1.5x, https:\/\/i0.wp.com\/feurpro.com\/wp-content\/uploads\/2025\/12\/ChatGPT-Image-19-dic-2025-15_44_41.png?resize=700%2C400 2x"},"classes":[]},{"id":6677,"url":"https:\/\/feurpro.com\/es\/mixer\/","url_meta":{"origin":130,"position":4},"title":"MEZCLADOR","author":"alioth","date":"mayo 13, 2025","format":false,"excerpt":"Professional Audio Mixers for Studio Recording and Live Sound Applications FEUR PRO audio mixers serve as the central hub for sound reinforcement and recording systems. Our range includes both digital and analog consoles, from compact touring models to full-featured studio boards. They feature ultra\u2011low\u2011noise preamps, flexible multi\u2011bus routing, and comprehensive\u2026","rel":"","context":"Entrada similar ","block_context":{"text":"Entrada similar ","link":""},"img":{"alt_text":"","src":"https:\/\/i0.wp.com\/feurpro.com\/wp-content\/uploads\/2025\/05\/banner_acessories_1800_395_v1-1.webp?fit=1200%2C263&ssl=1&resize=350%2C200","width":350,"height":200,"srcset":"https:\/\/i0.wp.com\/feurpro.com\/wp-content\/uploads\/2025\/05\/banner_acessories_1800_395_v1-1.webp?fit=1200%2C263&ssl=1&resize=350%2C200 1x, https:\/\/i0.wp.com\/feurpro.com\/wp-content\/uploads\/2025\/05\/banner_acessories_1800_395_v1-1.webp?fit=1200%2C263&ssl=1&resize=525%2C300 1.5x, https:\/\/i0.wp.com\/feurpro.com\/wp-content\/uploads\/2025\/05\/banner_acessories_1800_395_v1-1.webp?fit=1200%2C263&ssl=1&resize=700%2C400 2x, https:\/\/i0.wp.com\/feurpro.com\/wp-content\/uploads\/2025\/05\/banner_acessories_1800_395_v1-1.webp?fit=1200%2C263&ssl=1&resize=1050%2C600 3x"},"classes":[]},{"id":1974,"url":"https:\/\/feurpro.com\/es\/stands\/","url_meta":{"origin":130,"position":5},"title":"Mezcladoras de audio profesionales para grabaci\u00f3n de estudio y aplicaciones de sonido en vivo","author":"Admin","date":"agosto 9, 2024","format":false,"excerpt":"Professional Audio Stands for Studio Recording and Live Sound Systems FEUR PRO microphones are essential for professional audio. Our range includes studio condensers, live dynamics, and wireless systems, all featuring German-engineered capsules with gold-sputtered diaphragms. Each model is rigorously tested for performance, ensuring reliable frequency response, polar patterns, and high\u2026","rel":"","context":"Entrada similar ","block_context":{"text":"Entrada similar ","link":""},"img":{"alt_text":"","src":"https:\/\/i0.wp.com\/feurpro.com\/wp-content\/uploads\/2024\/08\/banner_stand_1800_395_v1.png?fit=1200%2C263&ssl=1&resize=350%2C200","width":350,"height":200,"srcset":"https:\/\/i0.wp.com\/feurpro.com\/wp-content\/uploads\/2024\/08\/banner_stand_1800_395_v1.png?fit=1200%2C263&ssl=1&resize=350%2C200 1x, https:\/\/i0.wp.com\/feurpro.com\/wp-content\/uploads\/2024\/08\/banner_stand_1800_395_v1.png?fit=1200%2C263&ssl=1&resize=525%2C300 1.5x, https:\/\/i0.wp.com\/feurpro.com\/wp-content\/uploads\/2024\/08\/banner_stand_1800_395_v1.png?fit=1200%2C263&ssl=1&resize=700%2C400 2x, https:\/\/i0.wp.com\/feurpro.com\/wp-content\/uploads\/2024\/08\/banner_stand_1800_395_v1.png?fit=1200%2C263&ssl=1&resize=1050%2C600 3x"},"classes":[]}],"_links":{"self":[{"href":"https:\/\/feurpro.com\/es\/wp-json\/wp\/v2\/pages\/130","targetHints":{"allow":["GET"]}}],"collection":[{"href":"https:\/\/feurpro.com\/es\/wp-json\/wp\/v2\/pages"}],"about":[{"href":"https:\/\/feurpro.com\/es\/wp-json\/wp\/v2\/types\/page"}],"author":[{"embeddable":true,"href":"https:\/\/feurpro.com\/es\/wp-json\/wp\/v2\/users\/254008827"}],"replies":[{"embeddable":true,"href":"https:\/\/feurpro.com\/es\/wp-json\/wp\/v2\/comments?post=130"}],"version-history":[{"count":11,"href":"https:\/\/feurpro.com\/es\/wp-json\/wp\/v2\/pages\/130\/revisions"}],"predecessor-version":[{"id":5613,"href":"https:\/\/feurpro.com\/es\/wp-json\/wp\/v2\/pages\/130\/revisions\/5613"}],"wp:featuredmedia":[{"embeddable":true,"href":"https:\/\/feurpro.com\/es\/wp-json\/wp\/v2\/media\/2054"}],"wp:attachment":[{"href":"https:\/\/feurpro.com\/es\/wp-json\/wp\/v2\/media?parent=130"}],"curies":[{"name":"wp","href":"https:\/\/api.w.org\/{rel}","templated":true}]}}